{"id":644,"date":"2018-06-18T14:12:35","date_gmt":"2018-06-18T17:12:35","guid":{"rendered":"https:\/\/ispi4006-sfe.infd.edu.ar\/sitio\/?page_id=644"},"modified":"2023-11-06T02:07:53","modified_gmt":"2023-11-06T05:07:53","slug":"catalogo","status":"publish","type":"page","link":"https:\/\/ispi4006-sfe.infd.edu.ar\/sitio\/catalogo\/","title":{"rendered":"Carreras"},"content":{"rendered":"<div  class=\"lgc-column lgc-grid-parent lgc-grid-50 lgc-tablet-grid-50 lgc-mobile-grid-100 lgc-equal-heights \"><div  class=\"inside-grid-column\">\n<p><img decoding=\"async\" loading=\"lazy\" class=\"alignnone wp-image-757\" src=\"https:\/\/ispi4006-sfe.infd.edu.ar\/sitio\/wp-content\/uploads\/2018\/07\/home-3.png\" alt=\"\" width=\"300\" height=\"200\" \/><\/p>\n<h4><strong><span style=\"vertical-align: inherit;\">Profesorado de<\/span><\/strong><\/h4>\n<h4><a href=\"https:\/\/ispi4006.com.ar\/profesorado-de-nivel-primario\" data-wplink-edit=\"true\"><strong><span style=\"vertical-align: inherit;\"> Educaci\u00f3n Primaria<\/span><\/strong><\/a><\/h4>\n<h4><a href=\"https:\/\/ispi4006.com.ar\/profesorado-de-nivel-inicial\" data-wplink-edit=\"true\"><strong><span style=\"vertical-align: inherit;\"> e Inicial<\/span><\/strong><\/a><\/h4>\n<p><span style=\"vertical-align: inherit;\">Capacitaci\u00f3n para desempe\u00f1arte como maestra de grado o de nivel inicial.<\/span><\/p>\n<p><\/p><\/div><\/div>\n\n\n<div  class=\"lgc-column lgc-grid-parent lgc-grid-50 lgc-tablet-grid-50 lgc-mobile-grid-100 lgc-equal-heights \"><div  class=\"inside-grid-column\">\n<p><img decoding=\"async\" loading=\"lazy\" class=\"alignnone wp-image-756\" src=\"https:\/\/ispi4006-sfe.infd.edu.ar\/sitio\/wp-content\/uploads\/2018\/07\/home-2.png\" alt=\"\" width=\"300\" height=\"200\" \/><\/p>\n<h4><a href=\"https:\/\/ispi4006.com.ar\/tecnico-superior-en-industrias-lacteas\" data-wplink-edit=\"true\"><strong><span style=\"vertical-align: inherit;\">Tecnicatura Superior en Industrias L\u00e1cteas<\/span><\/strong><\/a><\/h4>\n<p><span style=\"vertical-align: inherit;\">Capacitaci\u00f3n para insertarte laboralmente en \u00e1reas de la industria l\u00e1ctea.<\/span><span style=\"vertical-align: inherit;\">\u00a0<\/span><\/p>\n<p><\/p><\/div><\/div>\n\n\n<div  class=\"lgc-column lgc-grid-parent lgc-grid-50 lgc-tablet-grid-50 lgc-mobile-grid-100 lgc-equal-heights \"><div  class=\"inside-grid-column\">\n<p><img decoding=\"async\" loading=\"lazy\" class=\"alignnone wp-image-755\" src=\"https:\/\/ispi4006-sfe.infd.edu.ar\/sitio\/wp-content\/uploads\/2018\/07\/home-1.png\" alt=\"\" width=\"300\" height=\"200\" \/><\/p>\n<h4><a href=\"https:\/\/ispi4006.com.ar\/tecnico-superior-en-gestion-de-las-organizaciones\" data-wplink-edit=\"true\"><strong><span style=\"vertical-align: inherit;\">Tecnicatura Superior en Gesti\u00f3n de las Organizaciones<\/span><\/strong><\/a><\/h4>\n<p><span style=\"vertical-align: inherit;\">Capacitaci\u00f3n relacionada al mundo de la Administraci\u00f3n, Emprendedurimo, M\u00e1rketing de Medios.<\/span><\/p>\n<p><\/p><\/div><\/div>\n","protected":false},"excerpt":{"rendered":"","protected":false},"author":1,"featured_media":0,"parent":0,"menu_order":0,"comment_status":"closed","ping_status":"closed","template":"","meta":[],"acf":[],"_links":{"self":[{"href":"https:\/\/ispi4006-sfe.infd.edu.ar\/sitio\/wp-json\/wp\/v2\/pages\/644"}],"collection":[{"href":"https:\/\/ispi4006-sfe.infd.edu.ar\/sitio\/wp-json\/wp\/v2\/pages"}],"about":[{"href":"https:\/\/ispi4006-sfe.infd.edu.ar\/sitio\/wp-json\/wp\/v2\/types\/page"}],"author":[{"embeddable":true,"href":"https:\/\/ispi4006-sfe.infd.edu.ar\/sitio\/wp-json\/wp\/v2\/users\/1"}],"replies":[{"embeddable":true,"href":"https:\/\/ispi4006-sfe.infd.edu.ar\/sitio\/wp-json\/wp\/v2\/comments?post=644"}],"version-history":[{"count":10,"href":"https:\/\/ispi4006-sfe.infd.edu.ar\/sitio\/wp-json\/wp\/v2\/pages\/644\/revisions"}],"predecessor-version":[{"id":886,"href":"https:\/\/ispi4006-sfe.infd.edu.ar\/sitio\/wp-json\/wp\/v2\/pages\/644\/revisions\/886"}],"wp:attachment":[{"href":"https:\/\/ispi4006-sfe.infd.edu.ar\/sitio\/wp-json\/wp\/v2\/media?parent=644"}],"curies":[{"name":"wp","href":"https:\/\/api.w.org\/{rel}","templated":true}]}}